{"id":3,"date":"2022-06-09T08:44:17","date_gmt":"2022-06-09T05:44:17","guid":{"rendered":"http:\/\/hierojajennivaananen.fi\/?page_id=3"},"modified":"2022-09-02T20:51:45","modified_gmt":"2022-09-02T17:51:45","slug":"rekisteriseloste","status":"publish","type":"page","link":"https:\/\/hierojajennivaananen.fi\/en\/rekisteriseloste\/","title":{"rendered":"Privacy Policy"},"content":{"rendered":"<style id=\"kb-rowlayout_267dde-23\">#kt-layout-id_267dde-23 > .kt-row-column-wrap{padding-top:125px;}<\/style>\n<div class=\"wp-block-kadence-rowlayout alignnone\"><div id=\"kt-layout-id_267dde-23\" class=\"kt-row-layout-inner kt-layout-id_267dde-23\"><div class=\"kt-row-column-wrap kt-has-1-columns kt-gutter-default kt-v-gutter-default kt-row-valign-top kt-row-layout-equal kt-tab-layout-inherit kt-m-colapse-left-to-right kt-mobile-layout-row\">\n<div class=\"wp-block-kadence-column inner-column-1 kadence-column_0ed53a-92\"><div class=\"kt-inside-inner-col\">\n<h1 class=\"has-text-align-center\"><strong>Privacy Policy<\/strong><\/h1>\n<\/div><\/div>\n<\/div><\/div><\/div>\n\n\n\n<h2>REKISTERINPIT\u00c4J\u00c4 JA YLL\u00c4PIT\u00c4J\u00c4<\/h2>\n\n\n\n<p>Tmi Jenni V\u00e4\u00e4n\u00e4nen<\/p>\n\n\n\n<p>Valtakatu 27<\/p>\n\n\n\n<p>53100, Lappeenranta<\/p>\n\n\n\n<p>0504328956<\/p>\n\n\n\n<p><a href=\"mailto:tmi.vaananenjenni@outlook.com\" target=\"_blank\" rel=\"noreferrer noopener\">tmi.vaananenjenni@outlook.com<\/a><\/p>\n\n\n\n<p>y-tunnus 3149462-1<\/p>\n\n\n\n<h2><strong>Rekisterin nimi<\/strong><\/h2>\n\n\n\n<p>Koulutettu hieroja Jenni V\u00e4\u00e4n\u00e4nen asiakasrekisteri<\/p>\n\n\n\n<p><\/p>\n\n\n\n<h2><strong>Yleist\u00e4<\/strong><\/h2>\n\n\n\n<p>Koulutettu hieroja, terveydenhuollon ammattilaisena ja yritt\u00e4j\u00e4n\u00e4, ker\u00e4\u00e4 asiakkaistaan hoidon ja asiakassuhteen kannalta olennaiset tiedot. Ammatinharjoittaja on vastuussa ker\u00e4\u00e4mist\u00e4\u00e4n asiakastiedoista, niiden s\u00e4ilytt\u00e4misest\u00e4 ja suojaamisesta. Koulutettu hieroja on vaitiolovelvollinen ja asiakastiedot ovat lain mukaan salassa pidett\u00e4vi\u00e4.<\/p>\n\n\n\n<h2><strong>Tietojen ker\u00e4\u00e4misen ja k\u00e4sittelyn tarkoitus<\/strong><\/h2>\n\n\n\n<p>Henkil\u00f6tietojen ker\u00e4\u00e4misen ja k\u00e4sittelyn tarkoituksena on turvata asiakkaalle mahdollisimman hyv\u00e4 ja turvallinen hoito, sek\u00e4 toimiva asiakassuhde. Tietoja, jotka eiv\u00e4t ole hoidon tai asiakassuhteen hoitamisen kannalta tarpeellisia, ei ker\u00e4t\u00e4. Ker\u00e4tt\u00e4v\u00e4t tiedot ovat tarkoitettu potilasturvallisuudesta huolehtimiseen, palveluiden ja tuotteiden tuottamiseen ja toimittamiseen asiakkaalle, asiakassuhteen yll\u00e4pit\u00e4mist\u00e4, kehitt\u00e4mist\u00e4 ja tilastointia varten.<\/p>\n\n\n\n<h2><strong>Noudatettavia lakeja<\/strong><\/h2>\n\n\n\n<p>Henkil\u00f6tietolaki 523\/1999<br>Kuluttajansuojalaki 393\/2014<br>Laki terveydenhuollon ammattihenkil\u00f6ist\u00e4 559\/1994<br>Laki potilaan asemasta ja oikeuksista 785\/1992<br>S\u00e4hk\u00f6isen viestinn\u00e4n tietosuojalaki 516\/2004<\/p>\n\n\n\n<h2><strong>Rekisteriin kirjattavat tiedot<\/strong><\/h2>\n\n\n\n<p><strong>Henkil\u00f6tiedot<\/strong>: etunimi, sukunimi, henkil\u00f6tunnus, osoite, puhelinnumero, s\u00e4hk\u00f6postiosoite<br><strong>Terveydentilaa koskevat tiedot:<\/strong>&nbsp;hierontaan tulon syy, hieronnan kontraindikaatiot, asiakkaan terveydentila, allergiat, leikkaukset ja k\u00e4ytt\u00e4m\u00e4t l\u00e4\u00e4kkeet, aikaisemmat hoidot, asiakkaan antamat lis\u00e4tiedot<br><strong>Hoitotapahtumaa koskevat tiedot:<\/strong>&nbsp;asiakkaan hoidon alkutilanne, tehdyt testit, hoitoajat, annettu hoito, muistiinpanot, tapaamiset, asiakkaan antamat lis\u00e4tiedot<br><strong>Asiakkaan antamat lis\u00e4tiedot:<\/strong>&nbsp;ty\u00f6nluonne, harrastukset, arki- ja ty\u00f6p\u00e4iv\u00e4n ergonomiaan liittyv\u00e4t asiat, sek\u00e4 muu sellainen tieto, jolla on merkityst\u00e4 hoidon suunnittellussa tai toteutuksessa<\/p>\n\n\n\n<h2><strong>Tietojen ker\u00e4\u00e4minen<\/strong><\/h2>\n\n\n\n<p>Tiedot ker\u00e4t\u00e4\u00e4n asiakkaan yhteydenotoista, alkuhaastattelusta sek\u00e4 hoidon aikana saaduista lis\u00e4tiedoista ja k\u00e4ydyist\u00e4 keskusteluista. My\u00f6s s\u00e4hk\u00f6postin v\u00e4lityksell\u00e4 tullutta tietoa voidaan ker\u00e4t\u00e4, jos sill\u00e4 on hoidon kannalta merkityst\u00e4.<\/p>\n\n\n\n<h2><strong>Tietojen luovuttaminen<\/strong><\/h2>\n\n\n\n<p>Tietoja ei luovuteta Tmi Jenni V\u00e4\u00e4n\u00e4sen ulkopuolelle ilman asiakkaan lupaa.&nbsp; Tarvittaessa potilasasiakirjat luovutetaan p\u00e4\u00e4s\u00e4\u00e4nt\u00f6isesti kopioina ja luovuttamisesta tehd\u00e4\u00e4n aina merkint\u00e4 asiakirjaan. Merkint\u00e4 tehd\u00e4\u00e4n my\u00f6s siit\u00e4, jos potilas on kielt\u00e4nyt tietojensa luovuttamisen.<br>Tietoja voidaan luovuttaa vain lain sallimissa rajoissa viranomaisille.<\/p>\n\n\n\n<p>Asiakkaalla on oikeus saada n\u00e4ht\u00e4v\u00e4ksi ja tarkistettavaksi h\u00e4nest\u00e4 ker\u00e4tyt tiedot sek\u00e4 saada korjatuksi v\u00e4\u00e4r\u00e4t tiedot. Asiakkaalla on my\u00f6s oikeus saada halutessaan kopiot potilasasiakirjoista sek\u00e4 tietoa h\u00e4nest\u00e4 ker\u00e4tyist\u00e4 tiedoista.<\/p>\n\n\n\n<p>Henkil\u00f6tietoja ei myyd\u00e4 tai muutoin luovuteta kolmannelle osapuolelle.<\/p>\n\n\n\n<h2><strong>Henkil\u00f6tietojen luovuttaminen EU-maiden ulkopuolelle<\/strong><\/h2>\n\n\n\n<p>Potilastietoja ei siirret\u00e4, s\u00e4ilytet\u00e4 tai luovuteta Euroopan Unionin tai Euroopan talousalueen ulkopuolelle.<\/p>\n\n\n\n<h2><strong>Rekisterin suojauksen periaatteet<\/strong><\/h2>\n\n\n\n<p>Asiakastietolomake s\u00e4ilytet\u00e4\u00e4n asiakaskansioissa, jotka s\u00e4ilytet\u00e4\u00e4n lukollisessa tilassa Tmi Jenni V\u00e4\u00e4n\u00e4nen toimitiloissa. Kansioihin on p\u00e4\u00e4sy ainoastaan Jenni V\u00e4\u00e4n\u00e4sell\u00e4. Asiakastietolomake s\u00e4ilytet\u00e4\u00e4n lain edellytt\u00e4m\u00e4n ajan. (Sosiaali-ja terveysministeri\u00f6n asetus potilasasiakaskirjoista 30.3.2009\/298)<\/p>\n\n\n\n<p>Internet pohjaisen ajanvarausj\u00e4rjestelm\u00e4\u00e4n (<a rel=\"noreferrer noopener\" href=\"http:\/\/vello.fi\/\" target=\"_blank\">vello.fi<\/a>) tallentuva ajanvarauksen yksil\u00f6iv\u00e4t tiedot eiv\u00e4t ole n\u00e4ht\u00e4viss\u00e4 muille asiakkaille. Tmi Jenni V\u00e4\u00e4n\u00e4nen ajanvarauskalenteria k\u00e4ytet\u00e4\u00e4n tietokoneella\/tabletilla\/puhelimella k\u00e4ytt\u00e4j\u00e4tunnuksilla ja salasanalla.<\/p>","protected":false},"excerpt":{"rendered":"<p>Rekisteriseloste REKISTERINPIT\u00c4J\u00c4 JA YLL\u00c4PIT\u00c4J\u00c4 Tmi Jenni V\u00e4\u00e4n\u00e4nen Valtakatu 27 53100, Lappeenranta 0504328956 tmi.vaananenjenni@outlook.com y-tunnus 3149462-1 Rekisterin nimi Koulutettu hieroja Jenni V\u00e4\u00e4n\u00e4nen asiakasrekisteri Yleist\u00e4 Koulutettu hieroja, terveydenhuollon ammattilaisena ja yritt\u00e4j\u00e4n\u00e4, ker\u00e4\u00e4 asiakkaistaan hoidon ja asiakassuhteen kannalta olennaiset tiedot. Ammatinharjoittaja on vastuussa ker\u00e4\u00e4mist\u00e4\u00e4n asiakastiedoista, niiden s\u00e4ilytt\u00e4misest\u00e4 ja suojaamisesta. Koulutettu hieroja on vaitiolovelvollinen ja asiakastiedot ovat lain mukaan&#8230;<\/p>","protected":false},"author":1,"featured_media":0,"parent":0,"menu_order":0,"comment_status":"closed","ping_status":"closed","template":"","meta":{"_kad_post_transparent":"","_kad_post_title":"default","_kad_post_layout":"default","_kad_post_sidebar_id":"","_kad_post_content_style":"boxed","_kad_post_vertical_padding":"","_kad_post_feature":"","_kad_post_feature_position":"","_kad_post_header":false,"_kad_post_footer":false},"yoast_head":"<!-- This site is optimized with the Yoast SEO plugin v19.2 - https:\/\/yoast.com\/wordpress\/plugins\/seo\/ -->\n<title>Rekisteriseloste - Koulutettu Hieroja Jenni V\u00e4\u00e4n\u00e4nen<\/title>\n<meta name=\"robots\" content=\"index, follow, max-snippet:-1, max-image-preview:large, max-video-preview:-1\" \/>\n<link rel=\"canonical\" href=\"https:\/\/hierojajennivaananen.fi\/en\/rekisteriseloste\/\" \/>\n<meta property=\"og:locale\" content=\"en_GB\" \/>\n<meta property=\"og:type\" content=\"article\" \/>\n<meta property=\"og:title\" content=\"Rekisteriseloste - Koulutettu Hieroja Jenni V\u00e4\u00e4n\u00e4nen\" \/>\n<meta property=\"og:description\" content=\"Rekisteriseloste REKISTERINPIT\u00c4J\u00c4 JA YLL\u00c4PIT\u00c4J\u00c4 Tmi Jenni V\u00e4\u00e4n\u00e4nen Valtakatu 27 53100, Lappeenranta 0504328956 tmi.vaananenjenni@outlook.com y-tunnus 3149462-1 Rekisterin nimi Koulutettu hieroja Jenni V\u00e4\u00e4n\u00e4nen asiakasrekisteri Yleist\u00e4 Koulutettu hieroja, terveydenhuollon ammattilaisena ja yritt\u00e4j\u00e4n\u00e4, ker\u00e4\u00e4 asiakkaistaan hoidon ja asiakassuhteen kannalta olennaiset tiedot. Ammatinharjoittaja on vastuussa ker\u00e4\u00e4mist\u00e4\u00e4n asiakastiedoista, niiden s\u00e4ilytt\u00e4misest\u00e4 ja suojaamisesta. Koulutettu hieroja on vaitiolovelvollinen ja asiakastiedot ovat lain mukaan...\" \/>\n<meta property=\"og:url\" content=\"https:\/\/hierojajennivaananen.fi\/en\/rekisteriseloste\/\" \/>\n<meta property=\"og:site_name\" content=\"Koulutettu Hieroja Jenni V\u00e4\u00e4n\u00e4nen\" \/>\n<meta property=\"article:modified_time\" content=\"2022-09-02T17:51:45+00:00\" \/>\n<meta name=\"author\" content=\"admin\" \/>\n<meta name=\"twitter:card\" content=\"summary_large_image\" \/>\n<meta name=\"twitter:label1\" content=\"Estimated reading time\" \/>\n\t<meta name=\"twitter:data1\" content=\"3 minutes\" \/>\n<script type=\"application\/ld+json\" class=\"yoast-schema-graph\">{\"@context\":\"https:\/\/schema.org\",\"@graph\":[{\"@type\":[\"Person\",\"Organization\"],\"@id\":\"https:\/\/hierojajennivaananen.fi\/#\/schema\/person\/62a9a9938de0a515d4114f381f1537f3\",\"name\":\"Jenni Vaananen\",\"image\":{\"@type\":\"ImageObject\",\"inLanguage\":\"en-GB\",\"@id\":\"https:\/\/hierojajennivaananen.fi\/#\/schema\/person\/image\/\",\"url\":\"http:\/\/hierojajennivaananen.fi\/wp-content\/uploads\/2022\/06\/logo-text.png\",\"contentUrl\":\"http:\/\/hierojajennivaananen.fi\/wp-content\/uploads\/2022\/06\/logo-text.png\",\"width\":1000,\"height\":1000,\"caption\":\"Jenni Vaananen\"},\"logo\":{\"@id\":\"https:\/\/hierojajennivaananen.fi\/#\/schema\/person\/image\/\"},\"sameAs\":[\"http:\/\/hierojajennivaananen.fi\",\"https:\/\/www.instagram.com\/tmijennivaananen\/\"]},{\"@type\":\"WebSite\",\"@id\":\"https:\/\/hierojajennivaananen.fi\/#website\",\"url\":\"https:\/\/hierojajennivaananen.fi\/\",\"name\":\"Koulutettu Hieroja Jenni V\u00e4\u00e4n\u00e4nen\",\"description\":\"best massage in LPR!\",\"publisher\":{\"@id\":\"https:\/\/hierojajennivaananen.fi\/#\/schema\/person\/62a9a9938de0a515d4114f381f1537f3\"},\"potentialAction\":[{\"@type\":\"SearchAction\",\"target\":{\"@type\":\"EntryPoint\",\"urlTemplate\":\"https:\/\/hierojajennivaananen.fi\/?s={search_term_string}\"},\"query-input\":\"required name=search_term_string\"}],\"inLanguage\":\"en-GB\"},{\"@type\":\"WebPage\",\"@id\":\"https:\/\/hierojajennivaananen.fi\/rekisteriseloste\/#webpage\",\"url\":\"https:\/\/hierojajennivaananen.fi\/rekisteriseloste\/\",\"name\":\"Rekisteriseloste - Koulutettu Hieroja Jenni V\u00e4\u00e4n\u00e4nen\",\"isPartOf\":{\"@id\":\"https:\/\/hierojajennivaananen.fi\/#website\"},\"datePublished\":\"2022-06-09T05:44:17+00:00\",\"dateModified\":\"2022-09-02T17:51:45+00:00\",\"breadcrumb\":{\"@id\":\"https:\/\/hierojajennivaananen.fi\/rekisteriseloste\/#breadcrumb\"},\"inLanguage\":\"en-GB\",\"potentialAction\":[{\"@type\":\"ReadAction\",\"target\":[\"https:\/\/hierojajennivaananen.fi\/rekisteriseloste\/\"]}]},{\"@type\":\"BreadcrumbList\",\"@id\":\"https:\/\/hierojajennivaananen.fi\/rekisteriseloste\/#breadcrumb\",\"itemListElement\":[{\"@type\":\"ListItem\",\"position\":1,\"name\":\"Home\",\"item\":\"https:\/\/hierojajennivaananen.fi\/\"},{\"@type\":\"ListItem\",\"position\":2,\"name\":\"Rekisteriseloste\"}]}]}<\/script>\n<!-- \/ Yoast SEO plugin. -->","yoast_head_json":{"title":"Rekisteriseloste - Koulutettu Hieroja Jenni V\u00e4\u00e4n\u00e4nen","robots":{"index":"index","follow":"follow","max-snippet":"max-snippet:-1","max-image-preview":"max-image-preview:large","max-video-preview":"max-video-preview:-1"},"canonical":"https:\/\/hierojajennivaananen.fi\/en\/rekisteriseloste\/","og_locale":"en_GB","og_type":"article","og_title":"Rekisteriseloste - Koulutettu Hieroja Jenni V\u00e4\u00e4n\u00e4nen","og_description":"Rekisteriseloste REKISTERINPIT\u00c4J\u00c4 JA YLL\u00c4PIT\u00c4J\u00c4 Tmi Jenni V\u00e4\u00e4n\u00e4nen Valtakatu 27 53100, Lappeenranta 0504328956 tmi.vaananenjenni@outlook.com y-tunnus 3149462-1 Rekisterin nimi Koulutettu hieroja Jenni V\u00e4\u00e4n\u00e4nen asiakasrekisteri Yleist\u00e4 Koulutettu hieroja, terveydenhuollon ammattilaisena ja yritt\u00e4j\u00e4n\u00e4, ker\u00e4\u00e4 asiakkaistaan hoidon ja asiakassuhteen kannalta olennaiset tiedot. Ammatinharjoittaja on vastuussa ker\u00e4\u00e4mist\u00e4\u00e4n asiakastiedoista, niiden s\u00e4ilytt\u00e4misest\u00e4 ja suojaamisesta. Koulutettu hieroja on vaitiolovelvollinen ja asiakastiedot ovat lain mukaan...","og_url":"https:\/\/hierojajennivaananen.fi\/en\/rekisteriseloste\/","og_site_name":"Koulutettu Hieroja Jenni V\u00e4\u00e4n\u00e4nen","article_modified_time":"2022-09-02T17:51:45+00:00","author":"admin","twitter_card":"summary_large_image","twitter_misc":{"Estimated reading time":"3 minutes"},"schema":{"@context":"https:\/\/schema.org","@graph":[{"@type":["Person","Organization"],"@id":"https:\/\/hierojajennivaananen.fi\/#\/schema\/person\/62a9a9938de0a515d4114f381f1537f3","name":"Jenni Vaananen","image":{"@type":"ImageObject","inLanguage":"en-GB","@id":"https:\/\/hierojajennivaananen.fi\/#\/schema\/person\/image\/","url":"http:\/\/hierojajennivaananen.fi\/wp-content\/uploads\/2022\/06\/logo-text.png","contentUrl":"http:\/\/hierojajennivaananen.fi\/wp-content\/uploads\/2022\/06\/logo-text.png","width":1000,"height":1000,"caption":"Jenni Vaananen"},"logo":{"@id":"https:\/\/hierojajennivaananen.fi\/#\/schema\/person\/image\/"},"sameAs":["http:\/\/hierojajennivaananen.fi","https:\/\/www.instagram.com\/tmijennivaananen\/"]},{"@type":"WebSite","@id":"https:\/\/hierojajennivaananen.fi\/#website","url":"https:\/\/hierojajennivaananen.fi\/","name":"Koulutettu Hieroja Jenni V\u00e4\u00e4n\u00e4nen","description":"best massage in LPR!","publisher":{"@id":"https:\/\/hierojajennivaananen.fi\/#\/schema\/person\/62a9a9938de0a515d4114f381f1537f3"},"potentialAction":[{"@type":"SearchAction","target":{"@type":"EntryPoint","urlTemplate":"https:\/\/hierojajennivaananen.fi\/?s={search_term_string}"},"query-input":"required name=search_term_string"}],"inLanguage":"en-GB"},{"@type":"WebPage","@id":"https:\/\/hierojajennivaananen.fi\/rekisteriseloste\/#webpage","url":"https:\/\/hierojajennivaananen.fi\/rekisteriseloste\/","name":"Rekisteriseloste - Koulutettu Hieroja Jenni V\u00e4\u00e4n\u00e4nen","isPartOf":{"@id":"https:\/\/hierojajennivaananen.fi\/#website"},"datePublished":"2022-06-09T05:44:17+00:00","dateModified":"2022-09-02T17:51:45+00:00","breadcrumb":{"@id":"https:\/\/hierojajennivaananen.fi\/rekisteriseloste\/#breadcrumb"},"inLanguage":"en-GB","potentialAction":[{"@type":"ReadAction","target":["https:\/\/hierojajennivaananen.fi\/rekisteriseloste\/"]}]},{"@type":"BreadcrumbList","@id":"https:\/\/hierojajennivaananen.fi\/rekisteriseloste\/#breadcrumb","itemListElement":[{"@type":"ListItem","position":1,"name":"Home","item":"https:\/\/hierojajennivaananen.fi\/"},{"@type":"ListItem","position":2,"name":"Rekisteriseloste"}]}]}},"_links":{"self":[{"href":"https:\/\/hierojajennivaananen.fi\/en\/wp-json\/wp\/v2\/pages\/3"}],"collection":[{"href":"https:\/\/hierojajennivaananen.fi\/en\/wp-json\/wp\/v2\/pages"}],"about":[{"href":"https:\/\/hierojajennivaananen.fi\/en\/wp-json\/wp\/v2\/types\/page"}],"author":[{"embeddable":true,"href":"https:\/\/hierojajennivaananen.fi\/en\/wp-json\/wp\/v2\/users\/1"}],"replies":[{"embeddable":true,"href":"https:\/\/hierojajennivaananen.fi\/en\/wp-json\/wp\/v2\/comments?post=3"}],"version-history":[{"count":6,"href":"https:\/\/hierojajennivaananen.fi\/en\/wp-json\/wp\/v2\/pages\/3\/revisions"}],"predecessor-version":[{"id":1128,"href":"https:\/\/hierojajennivaananen.fi\/en\/wp-json\/wp\/v2\/pages\/3\/revisions\/1128"}],"wp:attachment":[{"href":"https:\/\/hierojajennivaananen.fi\/en\/wp-json\/wp\/v2\/media?parent=3"}],"curies":[{"name":"wp","href":"https:\/\/api.w.org\/{rel}","templated":true}]}}